{"id":94,"date":"2022-04-29T03:04:15","date_gmt":"2022-04-29T03:04:15","guid":{"rendered":"https:\/\/shtheme.com\/demosd\/thecappa\/?page_id=94"},"modified":"2026-01-24T17:01:36","modified_gmt":"2026-01-24T17:01:36","slug":"roof","status":"publish","type":"page","link":"https:\/\/skyroofhotel.com\/en\/roof\/","title":{"rendered":"\u00c7at\u0131"},"content":{"rendered":"<div data-elementor-type=\"wp-page\" data-elementor-id=\"94\" class=\"elementor elementor-94\">\n\t\t\t\t\t\t\t\t\t<section class=\"elementor-section elementor-top-section elementor-element elementor-element-1b3243a elementor-section-full_width elementor-section-height-default elementor-section-height-default\" data-id=\"1b3243a\" data-element_type=\"section\">\n\t\t\t\t\t\t<div class=\"elementor-container elementor-column-gap-no\">\n\t\t\t\t\t<div class=\"elementor-column elementor-col-100 elementor-top-column elementor-element elementor-element-0fa2168\" data-id=\"0fa2168\" data-element_type=\"column\">\n\t\t\t<div class=\"elementor-widget-wrap elementor-element-populated\">\n\t\t\t\t\t\t\t\t<div class=\"elementor-element elementor-element-32dde8a elementor-align-left elementor-widget elementor-widget-pages-restaurant-banner\" data-id=\"32dde8a\" data-element_type=\"widget\" data-widget_type=\"pages-restaurant-banner.default\">\n\t\t\t\t<div class=\"elementor-widget-container\">\n\t\t\t\r\n\t\t<header class=\"header slider\">\r\n\t\t\t<div class=\"owl-carousel owl-theme\">\r\n\t\t\t\t<!-- The opacity on the image is made with \"data-overlay-dark=\"number\". You can change it using the numbers 0-9. -->\r\n\t\t\t\t\t\t\t\t\t\t\t\t\t\t\t<div class=\"text-center item bg-img\" data-overlay-dark=\"3\" data-background=\"https:\/\/skyroof.skymarkgroup.com.tr\/wp-content\/uploads\/2022\/09\/WhatsApp-Image-2022-09-23-at-13.37.58.jpeg\"><\/div>\r\n\t\t\t\t\t\t\t\t\t\t\t\t\t\t\t\t\t\t\t\t<div class=\"text-center item bg-img\" data-overlay-dark=\"3\" data-background=\"https:\/\/skyroof.skymarkgroup.com.tr\/wp-content\/uploads\/2022\/09\/WhatsApp-Image-2022-09-23-at-13.37.57-2.jpeg\"><\/div>\r\n\t\t\t\t\t\t\t\t\t\t\t\t\t\t\t\t\t\t\t\t<div class=\"text-center item bg-img\" data-overlay-dark=\"3\" data-background=\"https:\/\/skyroof.skymarkgroup.com.tr\/wp-content\/uploads\/2022\/09\/WhatsApp-Image-2022-09-23-at-13.39.57.jpeg\"><\/div>\r\n\t\t\t\t\t\t\t\t\t\t\t\t\t\t\t\t\t\t\t\t<div class=\"text-center item bg-img\" data-overlay-dark=\"3\" data-background=\"https:\/\/skyroof.skymarkgroup.com.tr\/wp-content\/uploads\/2022\/08\/2.png\"><\/div>\r\n\t\t\t\t\t\t\t\t\t\t\t\t<\/div>\r\n\t\t\t<!-- arrow down -->\r\n\t\t\t<div class=\"arrow bounce text-center\">\r\n\t\t\t\t<a href=\"#\" data-scroll-nav=\"1\" class=\"\"> <i class=\"ti-arrow-down\"><\/i> <\/a>\r\n\t\t\t<\/div>\r\n\t\t<\/header>\r\n\r\n\t\t\t<\/div>\n\t\t\t\t<\/div>\n\t\t\t\t\t<\/div>\n\t\t<\/div>\n\t\t\t\t\t\t\t<\/div>\n\t\t<\/section>\n\t\t\t\t<section class=\"elementor-section elementor-top-section elementor-element elementor-element-7e661ec elementor-section-full_width elementor-section-height-default elementor-section-height-default\" data-id=\"7e661ec\" data-element_type=\"section\">\n\t\t\t\t\t\t<div class=\"elementor-container elementor-column-gap-no\">\n\t\t\t\t\t<div class=\"elementor-column elementor-col-100 elementor-top-column elementor-element elementor-element-af7fe30\" data-id=\"af7fe30\" data-element_type=\"column\">\n\t\t\t<div class=\"elementor-widget-wrap elementor-element-populated\">\n\t\t\t\t\t\t\t\t<div class=\"elementor-element elementor-element-46691ea elementor-align-left elementor-widget elementor-widget-pages-spa-content\" data-id=\"46691ea\" data-element_type=\"widget\" data-widget_type=\"pages-spa-content.default\">\n\t\t\t\t<div class=\"elementor-widget-container\">\n\t\t\t\r\n\t\t<section class=\"rooms-page section-padding\" data-scroll-index=\"1\">\r\n\t\t\t<div class=\"container\">\r\n\t\t\t\t<div class=\"row\">\r\n\t\t\t\t\t<div class=\"col-md-12\"> <span>\t\t\t\t\t\t<i class=\"star-rating\"><\/i>\r\n\t\t\t\t\t\t<i class=\"star-rating\"><\/i>\r\n\t\t\t\t\t\t<i class=\"star-rating\"><\/i>\r\n\t\t\t\t\t\t<i class=\"star-rating\"><\/i>\r\n\t\t\t\t\t\t<i class=\"star-rating\"><\/i>\r\n\t\t\t\t\t\t<\/span>\r\n\t\t\t\t\t\t\t\t\t\t\t\t\t<div class=\"section-subtitle\">Pleasant way to relax<\/div>\r\n\t\t\t\t\t\t\t\t\t\t\t\t\t\t\t\t\t\t\t<div class=\"section-title\">Sora Bar<\/div>\r\n\t\t\t\t\t\t\t\t\t\t\t\t\t\t\t\t\t\t\t<p class=\"mb-30\">\r\n\t\t\t\t\t\t\t\tThe terrace of our hotel will provide you with unlimited relaxation with its numerous features.\t\t\t\t\t\t\t<\/p>\r\n\t\t\t\t\t\t\t\t\t\t\t<\/div>\r\n\t\t\t\t\t<div class=\"col-md-12\">\r\n\t\t\t\t\t\t\t\t\t\t\t\t\t<div class=\"reservations\">\r\n\t\t\t\t\t\t\t\t<div class=\"icon\"><span class=\"flaticon-call\"><\/span><\/div>\r\n\t\t\t\t\t\t\t\t<div class=\"text\">\r\n\t\t\t\t\t\t\t\t\t<p>For reservation:<\/p> <a href=\"tel: 90 548 890 55 55\">+90 548 890 55 55<\/a>\n<br> <a href=\"tel: 90 548 843 55 55\">+90 548 843 55 55\n\n\t\t\t\t\t\t\t\t<\/div>\r\n\t\t\t\t\t\t\t<\/div>\r\n\t\t\t\t\t\t\t\t\t\t\t<\/div>\r\n\t\t\t\t<\/div>\r\n\t\t\t<\/div>\r\n\t\t<\/section>\r\n\r\n\t\t\t<\/div>\n\t\t\t\t<\/div>\n\t\t\t\t<div class=\"elementor-element elementor-element-df30d4a elementor-align-center elementor-widget elementor-widget-button\" data-id=\"df30d4a\" data-element_type=\"widget\" data-widget_type=\"button.default\">\n\t\t\t\t<div class=\"elementor-widget-container\">\n\t\t\t\t\t<div class=\"elementor-button-wrapper\">\n\t\t\t<a href=\"https:\/\/skyroof.skymarkgroup.com.tr\/3d-flip-book\/sora-menu\/\" class=\"elementor-button-link elementor-button elementor-size-xl\" role=\"button\">\n\t\t\t\t\t\t<span class=\"elementor-button-content-wrapper\">\n\t\t\t\t\t\t<span class=\"elementor-button-text\">Sora Bar Menu<\/span>\n\t\t<\/span>\n\t\t\t\t\t<\/a>\n\t\t<\/div>\n\t\t\t\t<\/div>\n\t\t\t\t<\/div>\n\t\t\t\t\t<\/div>\n\t\t<\/div>\n\t\t\t\t\t\t\t<\/div>\n\t\t<\/section>\n\t\t\t\t<section class=\"elementor-section elementor-top-section elementor-element elementor-element-4f5f3a3 elementor-section-full_width elementor-section-height-default elementor-section-height-default\" data-id=\"4f5f3a3\" data-element_type=\"section\">\n\t\t\t\t\t\t<div class=\"elementor-container elementor-column-gap-no\">\n\t\t\t\t\t<div class=\"elementor-column elementor-col-100 elementor-top-column elementor-element elementor-element-601e16e\" data-id=\"601e16e\" data-element_type=\"column\">\n\t\t\t<div class=\"elementor-widget-wrap elementor-element-populated\">\n\t\t\t\t\t\t\t\t<div class=\"elementor-element elementor-element-2193c01 elementor-align-left elementor-widget elementor-widget-pages-spa-services\" data-id=\"2193c01\" data-element_type=\"widget\" data-widget_type=\"pages-spa-services.default\">\n\t\t\t\t<div class=\"elementor-widget-container\">\n\t\t\t\r\n\t\t<section class=\"services section-padding2\">\r\n\t\t\t<div class=\"container\">\r\n\t\t\t\t\t\t\t\t\t\t\t\t\t\t\t<div class=\"row\">\r\n\t\t\t\t\t\t\t<div class=\"col-md-6 p-0 animate-box\" data-animate-effect=\"fadeInLeft\">\r\n\t\t\t\t\t\t\t\t\t\t\t\t\t\t\t\t\t<div class=\"img left\">\r\n\t\t\t\t\t\t\t\t\t\t<a href=\"\"><img decoding=\"async\" src=\"https:\/\/skyroof.skymarkgroup.com.tr\/wp-content\/uploads\/2022\/08\/kitchen-1.jpg\" alt=\"\"><\/a>\r\n\t\t\t\t\t\t\t\t\t<\/div>\r\n\t\t\t\t\t\t\t\t\t\t\t\t\t\t\t<\/div>\r\n\t\t\t\t\t\t\t\t\t\t\t\t\t\t<div class=\"col-md-6 p-0 bg-cream valign animate-box\" data-animate-effect=\"fadeInRight\">\r\n\t\t\t\t\t\t\t\t\t\t\t\t\t\t\t\t<div class=\"content\">\r\n\t\t\t\t\t\t\t\t\t<div class=\"cont text-left\">\r\n\t\t\t\t\t\t\t\t\t\t\t\t\t\t\t\t\t\t\t\t\t<div class=\"info\">\r\n\t\t\t\t\t\t\t\t\t\t\t\t<h6>ExperIences<\/h6>\r\n\t\t\t\t\t\t\t\t\t\t\t<\/div>\r\n\t\t\t\t\t\t\t\t\t\t\t\t\t\t\t\t\t\t\t\t\t\t\t\t\t\t\t\t\t\t\t<h4>Restaurant &amp; Bar<\/h4>\r\n\t\t\t\t\t\t\t\t\t\t\t\t\t\t\t\t\t\t\t\t\t\t\t\t\t\t\t\t\t\t\t<p>The restaurant &amp; bar on our terrace is ready to serve all our guests at any time of the day. Choose the food you want from many cuisine options such as Turkish, Italian, Mexican or Japanese cuisine in our menu. Order drinks at any time of the day.\n\n<\/p>\r\n\t\t\t\t\t\t\t\t\t\t\t\t\t\t\t\t\t\t\t\t\t\t\t\t\t\t\t\t\t\t\t<p><span class=\"flaticon-clock\"><\/span> Every day: from 18:00 to 00:00 in the evening.\n\n<br>\nSeason Opening Date: 1\/5\/2022\nSeason Closing Date: 30\/9\/2022 <\/p>\r\n\t\t\t\t\t\t\t\t\t\t\t\t\t\t\t\t\t\t\t<\/div>\r\n\t\t\t\t\t\t\t\t<\/div>\r\n\t\t\t\t\t\t\t<\/div>\r\n\t\t\t\t\t\t<\/div>\r\n\t\t\t\t\t\t\t\t\t\t\t\t\t\t\t\t\t\t\t\t\t\t\t<div class=\"row\">\r\n\t\t\t\t\t\t\t\t\t\t\t\t\t\t\t<div class=\"col-md-6 p-0 bg-cream order2 valign animate-box\" data-animate-effect=\"fadeInLeft\">\r\n\t\t\t\t\t\t\t\t\t\t\t\t\t\t\t\t\t<div class=\"content\">\r\n\t\t\t\t\t\t\t\t\t\t<div class=\"cont text-left\">\r\n\t\t\t\t\t\t\t\t\t\t\t\t\t\t\t\t\t\t\t\t\t\t\t<div class=\"info\">\r\n\t\t\t\t\t\t\t\t\t\t\t\t\t<h6>ExperIences<\/h6>\r\n\t\t\t\t\t\t\t\t\t\t\t\t<\/div>\r\n\t\t\t\t\t\t\t\t\t\t\t\t\t\t\t\t\t\t\t\t\t\t\t\t\t\t\t\t\t\t\t\t\t\t<h4>Pool<\/h4>\r\n\t\t\t\t\t\t\t\t\t\t\t\t\t\t\t\t\t\t\t\t\t\t\t\t\t\t\t\t\t\t\t\t\t\t<p>Our outdoor pool on the terrace is open to all our guests around the clock.<\/p>\r\n\t\t\t\t\t\t\t\t\t\t\t\t\t\t\t\t\t\t\t\t\t\t\t\t\t\t\t\t\t\t\t\t\t\t<p><span class=\"flaticon-clock\"><\/span> Usage Time: 08:00 - 18:00 <\/p>\r\n\t\t\t\t\t\t\t\t\t\t\t\t\t\t\t\t\t\t\t\t\t<\/div>\r\n\t\t\t\t\t\t\t\t\t<\/div>\r\n\t\t\t\t\t\t\t\t<\/div>\r\n\t\t\t\t\t\t\t\t<div class=\"col-md-6 p-0 order1 animate-box\" data-animate-effect=\"fadeInRight\">\r\n\t\t\t\t\t\t\t\t\t\t\t\t\t\t\t\t\t\t\t<div class=\"img\">\r\n\t\t\t\t\t\t\t\t\t\t\t<a href=\"\"><img decoding=\"async\" src=\"https:\/\/skyroof.skymarkgroup.com.tr\/wp-content\/uploads\/2022\/08\/pool-night-view-1.jpg\" alt=\"\"><\/a>\r\n\t\t\t\t\t\t\t\t\t\t<\/div>\r\n\t\t\t\t\t\t\t\t\t\t\t\t\t\t\t\t\t<\/div>\r\n\t\t\t\t\t\t\t<\/div>\r\n\t\t\t\t\t\t\t\t\t\t\t\t\t\t\t\t\t\t\t\t\t\t<div class=\"row\">\r\n\t\t\t\t\t\t\t<div class=\"col-md-6 p-0 animate-box\" data-animate-effect=\"fadeInLeft\">\r\n\t\t\t\t\t\t\t\t\t\t\t\t\t\t\t\t\t<div class=\"img left\">\r\n\t\t\t\t\t\t\t\t\t\t<a href=\"\"><img decoding=\"async\" src=\"https:\/\/skyroof.skymarkgroup.com.tr\/wp-content\/uploads\/2022\/08\/club-1.jpg\" alt=\"\"><\/a>\r\n\t\t\t\t\t\t\t\t\t<\/div>\r\n\t\t\t\t\t\t\t\t\t\t\t\t\t\t\t<\/div>\r\n\t\t\t\t\t\t\t\t\t\t\t\t\t\t<div class=\"col-md-6 p-0 bg-cream valign animate-box\" data-animate-effect=\"fadeInRight\">\r\n\t\t\t\t\t\t\t\t\t\t\t\t\t\t\t\t<div class=\"content\">\r\n\t\t\t\t\t\t\t\t\t<div class=\"cont text-left\">\r\n\t\t\t\t\t\t\t\t\t\t\t\t\t\t\t\t\t\t\t\t\t<div class=\"info\">\r\n\t\t\t\t\t\t\t\t\t\t\t\t<h6>ExperIences<\/h6>\r\n\t\t\t\t\t\t\t\t\t\t\t<\/div>\r\n\t\t\t\t\t\t\t\t\t\t\t\t\t\t\t\t\t\t\t\t\t\t\t\t\t\t\t\t\t\t\t<h4>Terrace Club &amp; Live Music<\/h4>\r\n\t\t\t\t\t\t\t\t\t\t\t\t\t\t\t\t\t\t\t\t\t\t\t\t\t\t\t\t\t\t\t<p>Your experiences on the terrace will be highlighted by the activities we do at our terrace club!<\/p>\r\n\t\t\t\t\t\t\t\t\t\t\t\t\t\t\t\t\t\t\t\t\t\t\t\t\t\t\t\t\t\t\t<p><span class=\"flaticon-clock\"><\/span> Between 18:00 in the evening and 00:00 in the night. <\/p>\r\n\t\t\t\t\t\t\t\t\t\t\t\t\t\t\t\t\t\t\t<\/div>\r\n\t\t\t\t\t\t\t\t<\/div>\r\n\t\t\t\t\t\t\t<\/div>\r\n\t\t\t\t\t\t<\/div>\r\n\t\t\t\t\t\t\t\t\t\t\t\t\t\t\t<\/div>\r\n\t\t\t<\/section>\r\n\t\t\r\n\r\n\t\t\t<\/div>\n\t\t\t\t<\/div>\n\t\t\t\t\t<\/div>\n\t\t<\/div>\n\t\t\t\t\t\t\t<\/div>\n\t\t<\/section>\n\t\t\t\t<section class=\"elementor-section elementor-top-section elementor-element elementor-element-df84e13 elementor-section-full_width elementor-section-height-default elementor-section-height-default\" data-id=\"df84e13\" data-element_type=\"section\">\n\t\t\t\t\t\t<div class=\"elementor-container elementor-column-gap-no\">\n\t\t\t\t\t<div class=\"elementor-column elementor-col-100 elementor-top-column elementor-element elementor-element-3f43f8c\" data-id=\"3f43f8c\" data-element_type=\"column\">\n\t\t\t<div class=\"elementor-widget-wrap elementor-element-populated\">\n\t\t\t\t\t\t\t\t<div class=\"elementor-element elementor-element-73babec elementor-align-left elementor-widget elementor-widget-home-testimonials\" data-id=\"73babec\" data-element_type=\"widget\" data-widget_type=\"home-testimonials.default\">\n\t\t\t\t<div class=\"elementor-widget-container\">\n\t\t\t\r\n\t\t<section class=\"testimonials\">\r\n\t\t\t\t\t\t<div class=\"background bg-img bg-fixed section-padding pb-0\" data-background=\"https:\/\/skyroof.skymarkgroup.com.tr\/wp-content\/uploads\/2022\/09\/WhatsApp-Image-2022-09-23-at-13.37.57-1.jpeg\" data-overlay-dark=\"3\">\r\n\t\t\t\t\t\t\t<div class=\"container\">\r\n\t\t\t\t\t<div class=\"row\">\r\n\t\t\t\t\t\t<div class=\"col-md-8 offset-md-2\">\r\n\t\t\t\t\t\t\t<div class=\"testimonials-box\">\r\n\t\t\t\t\t\t\t\t<div class=\"head-box\">\r\n\t\t\t\t\t\t\t\t\t\t\t\t\t\t\t\t\t\t<h6>Our references<\/h6>\r\n\t\t\t\t\t\t\t\t\t\t\t\t\t\t\t\t\t\t\t\t\t\t\t\t\t\t\t<h4>Reviews of Our Customers<\/h4>\r\n\t\t\t\t\t\t\t\t\t\t\t\t\t\t\t\t\t\t<div class=\"line\"><\/div>\r\n\t\t\t\t\t\t\t\t<\/div>\r\n\t\t\t\t\t\t\t\t<div class=\"owl-carousel owl-theme\">\r\n\t\t\t\t\t\t\t\t\t\t\t\t\t\t\t\t\t\t\t<div class=\"item\">\r\n\t\t\t\t\t\t\t\t\t\t\t\t\t\t\t\t\t\t\t\t\t\t\t<span class=\"quote\"><img decoding=\"async\" src=\"https:\/\/shtheme.com\/demosd\/thecappa\/wp-content\/uploads\/2022\/06\/quot.png\" alt=\"\"><\/span>\r\n\t\t\t\t\t\t\t\t\t\t\t\t\t\t\t\t\t\t\t\t\t\t\t\t\t\t\t\t\t\t\t\t\t\t<p>\"I still can't forget my amazing vacation last summer.\"<\/p>\r\n\t\t\t\t\t\t\t\t\t\t\t\t\t\t\t\t\t\t\t\t\t\t<div class=\"info\">\r\n\t\t\t\t\t\t\t\t\t\t\t\t\t\t\t\t\t\t\t\t\t\t\t\t\t<div class=\"author-img\"> <img decoding=\"async\" src=\"https:\/\/shtheme.com\/demosd\/thecappa\/wp-content\/uploads\/2022\/06\/4-1.jpg\" alt=\"\"> <\/div>\r\n\t\t\t\t\t\t\t\t\t\t\t\t\t\t\t\t\t\t\t\t\t\t\t\t<div class=\"cont\"> \r\n\t\t\t\t\t\t\t\t\t\t\t\t\t<span>\r\n\t\t\t\t\t\t\t\t\t\t\t\t\t\t\t\t\t\t\t\t\t\t\t\t\t\t\t\t\t<i class=\"star-rating\"><\/i>\r\n\t\t\t\t\t\t\t\t\t\t\t\t\t\t\t<i class=\"star-rating\"><\/i>\r\n\t\t\t\t\t\t\t\t\t\t\t\t\t\t\t<i class=\"star-rating\"><\/i>\r\n\t\t\t\t\t\t\t\t\t\t\t\t\t\t\t<i class=\"star-rating\"><\/i>\r\n\t\t\t\t\t\t\t\t\t\t\t\t\t\t\t<i class=\"star-rating\"><\/i>\r\n\t\t\t\t\t\t\t\t\t\t\t\t\t\t\t\t\t\t\t\t\t\t\t\t\t\t\t<\/span>\r\n\t\t\t\t\t\t\t\t\t\t\t\t\t\t\t\t\t\t\t\t\t\t\t\t\t\t\t<h6>Emily Brown<\/h6> \r\n\t\t\t\t\t\t\t\t\t\t\t\t\t\t\t\t\t\t\t\t\t\t\t\t\t\t\t\t\t\t\t\t\t\t\t\t\t\t\t\t<span>Guest review<\/span>\r\n\t\t\t\t\t\t\t\t\t\t\t\t\t\t\t\t\t\t\t\t\t\t\t\t\t<\/div>\r\n\t\t\t\t\t\t\t\t\t\t\t<\/div>\r\n\t\t\t\t\t\t\t\t\t\t<\/div>\r\n\t\t\t\t\t\t\t\t\t\t\t\t\t\t\t\t\t\t\t<div class=\"item\">\r\n\t\t\t\t\t\t\t\t\t\t\t\t\t\t\t\t\t\t\t\t\t\t\t<span class=\"quote\"><img decoding=\"async\" src=\"https:\/\/shtheme.com\/demosd\/thecappa\/wp-content\/uploads\/2022\/06\/quot.png\" alt=\"\"><\/span>\r\n\t\t\t\t\t\t\t\t\t\t\t\t\t\t\t\t\t\t\t\t\t\t\t\t\t\t\t\t\t\t\t\t\t\t<p>\"I've visited many hotels in my life, it's hard to exceed my expectations, but this time it did.\"<\/p>\r\n\t\t\t\t\t\t\t\t\t\t\t\t\t\t\t\t\t\t\t\t\t\t<div class=\"info\">\r\n\t\t\t\t\t\t\t\t\t\t\t\t\t\t\t\t\t\t\t\t\t\t\t\t\t<div class=\"author-img\"> <img decoding=\"async\" src=\"https:\/\/shtheme.com\/demosd\/thecappa\/wp-content\/uploads\/2022\/06\/1-1.jpg\" alt=\"\"> <\/div>\r\n\t\t\t\t\t\t\t\t\t\t\t\t\t\t\t\t\t\t\t\t\t\t\t\t<div class=\"cont\"> \r\n\t\t\t\t\t\t\t\t\t\t\t\t\t<span>\r\n\t\t\t\t\t\t\t\t\t\t\t\t\t\t\t\t\t\t\t\t\t\t\t\t\t\t\t\t\t<i class=\"star-rating\"><\/i>\r\n\t\t\t\t\t\t\t\t\t\t\t\t\t\t\t<i class=\"star-rating\"><\/i>\r\n\t\t\t\t\t\t\t\t\t\t\t\t\t\t\t<i class=\"star-rating\"><\/i>\r\n\t\t\t\t\t\t\t\t\t\t\t\t\t\t\t<i class=\"star-rating\"><\/i>\r\n\t\t\t\t\t\t\t\t\t\t\t\t\t\t\t<i class=\"star-rating\"><\/i>\r\n\t\t\t\t\t\t\t\t\t\t\t\t\t\t\t\t\t\t\t\t\t\t\t\t\t\t\t<\/span>\r\n\t\t\t\t\t\t\t\t\t\t\t\t\t\t\t\t\t\t\t\t\t\t\t\t\t\t\t<h6>Nolan White<\/h6> \r\n\t\t\t\t\t\t\t\t\t\t\t\t\t\t\t\t\t\t\t\t\t\t\t\t\t\t\t\t\t\t\t\t\t\t\t\t\t\t\t\t<span>Guest review<\/span>\r\n\t\t\t\t\t\t\t\t\t\t\t\t\t\t\t\t\t\t\t\t\t\t\t\t\t<\/div>\r\n\t\t\t\t\t\t\t\t\t\t\t<\/div>\r\n\t\t\t\t\t\t\t\t\t\t<\/div>\r\n\t\t\t\t\t\t\t\t\t\t\t\t\t\t\t\t\t\t\t<div class=\"item\">\r\n\t\t\t\t\t\t\t\t\t\t\t\t\t\t\t\t\t\t\t\t\t\t\t<span class=\"quote\"><img decoding=\"async\" src=\"https:\/\/shtheme.com\/demosd\/thecappa\/wp-content\/uploads\/2022\/06\/quot.png\" alt=\"\"><\/span>\r\n\t\t\t\t\t\t\t\t\t\t\t\t\t\t\t\t\t\t\t\t\t\t\t\t\t\t\t\t\t\t\t\t\t\t<p>\"The most memorable things were the quality of my room and the food, and the time I spent at the pool.\"<\/p>\r\n\t\t\t\t\t\t\t\t\t\t\t\t\t\t\t\t\t\t\t\t\t\t<div class=\"info\">\r\n\t\t\t\t\t\t\t\t\t\t\t\t\t\t\t\t\t\t\t\t\t\t\t\t\t<div class=\"author-img\"> <img decoding=\"async\" src=\"https:\/\/shtheme.com\/demosd\/thecappa\/wp-content\/uploads\/2022\/06\/5.jpg\" alt=\"\"> <\/div>\r\n\t\t\t\t\t\t\t\t\t\t\t\t\t\t\t\t\t\t\t\t\t\t\t\t<div class=\"cont\"> \r\n\t\t\t\t\t\t\t\t\t\t\t\t\t<span>\r\n\t\t\t\t\t\t\t\t\t\t\t\t\t\t\t\t\t\t\t\t\t\t\t\t\t\t\t\t\t<i class=\"star-rating\"><\/i>\r\n\t\t\t\t\t\t\t\t\t\t\t\t\t\t\t<i class=\"star-rating\"><\/i>\r\n\t\t\t\t\t\t\t\t\t\t\t\t\t\t\t<i class=\"star-rating\"><\/i>\r\n\t\t\t\t\t\t\t\t\t\t\t\t\t\t\t<i class=\"star-rating\"><\/i>\r\n\t\t\t\t\t\t\t\t\t\t\t\t\t\t\t<i class=\"star-rating\"><\/i>\r\n\t\t\t\t\t\t\t\t\t\t\t\t\t\t\t\t\t\t\t\t\t\t\t\t\t\t\t<\/span>\r\n\t\t\t\t\t\t\t\t\t\t\t\t\t\t\t\t\t\t\t\t\t\t\t\t\t\t\t<h6>Olivia Martin<\/h6> \r\n\t\t\t\t\t\t\t\t\t\t\t\t\t\t\t\t\t\t\t\t\t\t\t\t\t\t\t\t\t\t\t\t\t\t\t\t\t\t\t\t<span>Guest review<\/span>\r\n\t\t\t\t\t\t\t\t\t\t\t\t\t\t\t\t\t\t\t\t\t\t\t\t\t<\/div>\r\n\t\t\t\t\t\t\t\t\t\t\t<\/div>\r\n\t\t\t\t\t\t\t\t\t\t<\/div>\r\n\t\t\t\t\t\t\t\t\t\t\t\t\t\t\t\t\t<\/div>\r\n\t\t\t\t\t\t\t<\/div>\r\n\t\t\t\t\t\t<\/div>\r\n\t\t\t\t\t<\/div>\r\n\t\t\t\t<\/div>\r\n\t\t\t<\/div>\r\n\t\t<\/section>\r\n\r\n\t\t\t<\/div>\n\t\t\t\t<\/div>\n\t\t\t\t\t<\/div>\n\t\t<\/div>\n\t\t\t\t\t\t\t<\/div>\n\t\t<\/section>\n\t\t\t\t\t\t\t<\/div>","protected":false},"excerpt":{"rendered":"<p>Dinlenmenin keyifli yolu Sora Bar Otelimizin teras kat\u0131 say\u0131s\u0131z \u00f6zellikleriyle size s\u0131n\u0131rs\u0131z rahatlama sa\u011flayacak. Rezervasyon i\u00e7in: +90 548 890 55 55 +90 548 843 55 55 Sora Bar Men\u00fc Deneyimler Restoran &amp; Bar Teras kat\u0131m\u0131zdaki restoran &amp; bar b\u00fct\u00fcn misafirlerimizde g\u00fcn\u00fcn her an\u0131nda hizmet etmeye haz\u0131r. Men\u00fcm\u00fczde T\u00fcrk, \u0130talyan, Meksika veya Japon mutfa\u011f\u0131 gibi bir\u00e7ok [&hellip;]<\/p>","protected":false},"author":1,"featured_media":0,"parent":0,"menu_order":0,"comment_status":"closed","ping_status":"closed","template":"page-templates\/home.php","meta":{"om_disable_all_campaigns":false,"_monsterinsights_skip_tracking":false,"_monsterinsights_sitenote_active":false,"_monsterinsights_sitenote_note":"","_monsterinsights_sitenote_category":0,"_joinchat":[],"footnotes":""},"class_list":["post-94","page","type-page","status-publish","hentry"],"aioseo_notices":[],"yoast_head":"<!-- This site is optimized with the Yoast SEO plugin v19.5.1 - https:\/\/yoast.com\/wordpress\/plugins\/seo\/ -->\n<title>\u00c7at\u0131 - Skyroof Hotel<\/title>\n<meta name=\"robots\" content=\"index, follow, max-snippet:-1, max-image-preview:large, max-video-preview:-1\" \/>\n<link rel=\"canonical\" href=\"https:\/\/skyroofhotel.com\/en\/roof\/\" \/>\n<meta property=\"og:locale\" content=\"en_GB\" \/>\n<meta property=\"og:type\" content=\"article\" \/>\n<meta property=\"og:title\" content=\"\u00c7at\u0131 - Skyroof Hotel\" \/>\n<meta property=\"og:description\" content=\"Dinlenmenin keyifli yolu Sora Bar Otelimizin teras kat\u0131 say\u0131s\u0131z \u00f6zellikleriyle size s\u0131n\u0131rs\u0131z rahatlama sa\u011flayacak. Rezervasyon i\u00e7in: +90 548 890 55 55 +90 548 843 55 55 Sora Bar Men\u00fc Deneyimler Restoran &amp; Bar Teras kat\u0131m\u0131zdaki restoran &amp; bar b\u00fct\u00fcn misafirlerimizde g\u00fcn\u00fcn her an\u0131nda hizmet etmeye haz\u0131r. Men\u00fcm\u00fczde T\u00fcrk, \u0130talyan, Meksika veya Japon mutfa\u011f\u0131 gibi bir\u00e7ok [&hellip;]\" \/>\n<meta property=\"og:url\" content=\"https:\/\/skyroofhotel.com\/en\/roof\/\" \/>\n<meta property=\"og:site_name\" content=\"Skyroof Hotel\" \/>\n<meta property=\"article:modified_time\" content=\"2026-01-24T17:01:36+00:00\" \/>\n<meta property=\"og:image\" content=\"https:\/\/skyroof.skymarkgroup.com.tr\/wp-content\/uploads\/2022\/08\/kitchen-1.jpg\" \/>\n<meta name=\"twitter:card\" content=\"summary_large_image\" \/>\n<meta name=\"twitter:label1\" content=\"Estimated reading time\" \/>\n\t<meta name=\"twitter:data1\" content=\"3 minutes\" \/>\n<script type=\"application\/ld+json\" class=\"yoast-schema-graph\">{\"@context\":\"https:\/\/schema.org\",\"@graph\":[{\"@type\":\"WebPage\",\"@id\":\"https:\/\/skyroofhotel.com\/roof\/\",\"url\":\"https:\/\/skyroofhotel.com\/roof\/\",\"name\":\"\u00c7at\u0131 - Skyroof Hotel\",\"isPartOf\":{\"@id\":\"https:\/\/skyroofhotel.com\/#website\"},\"datePublished\":\"2022-04-29T03:04:15+00:00\",\"dateModified\":\"2026-01-24T17:01:36+00:00\",\"breadcrumb\":{\"@id\":\"https:\/\/skyroofhotel.com\/roof\/#breadcrumb\"},\"inLanguage\":\"en-GB\",\"potentialAction\":[{\"@type\":\"ReadAction\",\"target\":[\"https:\/\/skyroofhotel.com\/roof\/\"]}]},{\"@type\":\"BreadcrumbList\",\"@id\":\"https:\/\/skyroofhotel.com\/roof\/#breadcrumb\",\"itemListElement\":[{\"@type\":\"ListItem\",\"position\":1,\"name\":\"Home\",\"item\":\"https:\/\/skyroofhotel.com\/\"},{\"@type\":\"ListItem\",\"position\":2,\"name\":\"\u00c7at\u0131\"}]},{\"@type\":\"WebSite\",\"@id\":\"https:\/\/skyroofhotel.com\/#website\",\"url\":\"https:\/\/skyroofhotel.com\/\",\"name\":\"Skyroof Hotel\",\"description\":\"Just another WordPress site\",\"potentialAction\":[{\"@type\":\"SearchAction\",\"target\":{\"@type\":\"EntryPoint\",\"urlTemplate\":\"https:\/\/skyroofhotel.com\/?s={search_term_string}\"},\"query-input\":\"required name=search_term_string\"}],\"inLanguage\":\"en-GB\"}]}<\/script>\n<!-- \/ Yoast SEO plugin. -->","yoast_head_json":{"title":"\u00c7at\u0131 - Skyroof Hotel","robots":{"index":"index","follow":"follow","max-snippet":"max-snippet:-1","max-image-preview":"max-image-preview:large","max-video-preview":"max-video-preview:-1"},"canonical":"https:\/\/skyroofhotel.com\/en\/roof\/","og_locale":"en_GB","og_type":"article","og_title":"\u00c7at\u0131 - Skyroof Hotel","og_description":"Dinlenmenin keyifli yolu Sora Bar Otelimizin teras kat\u0131 say\u0131s\u0131z \u00f6zellikleriyle size s\u0131n\u0131rs\u0131z rahatlama sa\u011flayacak. Rezervasyon i\u00e7in: +90 548 890 55 55 +90 548 843 55 55 Sora Bar Men\u00fc Deneyimler Restoran &amp; Bar Teras kat\u0131m\u0131zdaki restoran &amp; bar b\u00fct\u00fcn misafirlerimizde g\u00fcn\u00fcn her an\u0131nda hizmet etmeye haz\u0131r. Men\u00fcm\u00fczde T\u00fcrk, \u0130talyan, Meksika veya Japon mutfa\u011f\u0131 gibi bir\u00e7ok [&hellip;]","og_url":"https:\/\/skyroofhotel.com\/en\/roof\/","og_site_name":"Skyroof Hotel","article_modified_time":"2026-01-24T17:01:36+00:00","og_image":[{"url":"https:\/\/skyroof.skymarkgroup.com.tr\/wp-content\/uploads\/2022\/08\/kitchen-1.jpg"}],"twitter_card":"summary_large_image","twitter_misc":{"Estimated reading time":"3 minutes"},"schema":{"@context":"https:\/\/schema.org","@graph":[{"@type":"WebPage","@id":"https:\/\/skyroofhotel.com\/roof\/","url":"https:\/\/skyroofhotel.com\/roof\/","name":"\u00c7at\u0131 - Skyroof Hotel","isPartOf":{"@id":"https:\/\/skyroofhotel.com\/#website"},"datePublished":"2022-04-29T03:04:15+00:00","dateModified":"2026-01-24T17:01:36+00:00","breadcrumb":{"@id":"https:\/\/skyroofhotel.com\/roof\/#breadcrumb"},"inLanguage":"en-GB","potentialAction":[{"@type":"ReadAction","target":["https:\/\/skyroofhotel.com\/roof\/"]}]},{"@type":"BreadcrumbList","@id":"https:\/\/skyroofhotel.com\/roof\/#breadcrumb","itemListElement":[{"@type":"ListItem","position":1,"name":"Home","item":"https:\/\/skyroofhotel.com\/"},{"@type":"ListItem","position":2,"name":"\u00c7at\u0131"}]},{"@type":"WebSite","@id":"https:\/\/skyroofhotel.com\/#website","url":"https:\/\/skyroofhotel.com\/","name":"Skyroof Hotel","description":"Just another WordPress site","potentialAction":[{"@type":"SearchAction","target":{"@type":"EntryPoint","urlTemplate":"https:\/\/skyroofhotel.com\/?s={search_term_string}"},"query-input":"required name=search_term_string"}],"inLanguage":"en-GB"}]}},"_links":{"self":[{"href":"https:\/\/skyroofhotel.com\/en\/wp-json\/wp\/v2\/pages\/94","targetHints":{"allow":["GET"]}}],"collection":[{"href":"https:\/\/skyroofhotel.com\/en\/wp-json\/wp\/v2\/pages"}],"about":[{"href":"https:\/\/skyroofhotel.com\/en\/wp-json\/wp\/v2\/types\/page"}],"author":[{"embeddable":true,"href":"https:\/\/skyroofhotel.com\/en\/wp-json\/wp\/v2\/users\/1"}],"replies":[{"embeddable":true,"href":"https:\/\/skyroofhotel.com\/en\/wp-json\/wp\/v2\/comments?post=94"}],"version-history":[{"count":110,"href":"https:\/\/skyroofhotel.com\/en\/wp-json\/wp\/v2\/pages\/94\/revisions"}],"predecessor-version":[{"id":2932,"href":"https:\/\/skyroofhotel.com\/en\/wp-json\/wp\/v2\/pages\/94\/revisions\/2932"}],"wp:attachment":[{"href":"https:\/\/skyroofhotel.com\/en\/wp-json\/wp\/v2\/media?parent=94"}],"curies":[{"name":"wp","href":"https:\/\/api.w.org\/{rel}","templated":true}]}}