{"id":86,"date":"2022-04-29T02:59:04","date_gmt":"2022-04-29T02:59:04","guid":{"rendered":"https:\/\/shtheme.com\/demosd\/thecappa\/?page_id=86"},"modified":"2023-04-05T07:01:04","modified_gmt":"2023-04-05T07:01:04","slug":"restaurant","status":"publish","type":"page","link":"https:\/\/skyroofhotel.com\/en\/restaurant\/","title":{"rendered":"Restaurant"},"content":{"rendered":"<div data-elementor-type=\"wp-page\" data-elementor-id=\"86\" class=\"elementor elementor-86\">\n\t\t\t\t\t\t\t\t\t<section class=\"elementor-section elementor-top-section elementor-element elementor-element-199bde5 elementor-section-full_width elementor-section-height-default elementor-section-height-default\" data-id=\"199bde5\" data-element_type=\"section\">\n\t\t\t\t\t\t<div class=\"elementor-container elementor-column-gap-no\">\n\t\t\t\t\t<div class=\"elementor-column elementor-col-100 elementor-top-column elementor-element elementor-element-a9b8ebf\" data-id=\"a9b8ebf\" data-element_type=\"column\">\n\t\t\t<div class=\"elementor-widget-wrap elementor-element-populated\">\n\t\t\t\t\t\t\t\t<div class=\"elementor-element elementor-element-6e22834 elementor-align-left elementor-widget elementor-widget-pages-restaurant-banner\" data-id=\"6e22834\" data-element_type=\"widget\" data-widget_type=\"pages-restaurant-banner.default\">\n\t\t\t\t<div class=\"elementor-widget-container\">\n\t\t\t\r\n\t\t<header class=\"header slider\">\r\n\t\t\t<div class=\"owl-carousel owl-theme\">\r\n\t\t\t\t<!-- The opacity on the image is made with \"data-overlay-dark=\"number\". You can change it using the numbers 0-9. -->\r\n\t\t\t\t\t\t\t\t\t\t\t\t\t\t\t<div class=\"text-center item bg-img\" data-overlay-dark=\"3\" data-background=\"https:\/\/skyroof.skymarkgroup.com.tr\/wp-content\/uploads\/2022\/09\/WhatsApp-Image-2022-09-23-at-13.42.20.jpeg\"><\/div>\r\n\t\t\t\t\t\t\t\t\t\t\t\t\t\t\t\t\t\t\t\t<div class=\"text-center item bg-img\" data-overlay-dark=\"3\" data-background=\"https:\/\/skyroof.skymarkgroup.com.tr\/wp-content\/uploads\/2022\/09\/WhatsApp-Image-2022-09-23-at-13.42.19-2.jpeg\"><\/div>\r\n\t\t\t\t\t\t\t\t\t\t\t\t\t\t\t\t\t\t\t\t<div class=\"text-center item bg-img\" data-overlay-dark=\"3\" data-background=\"https:\/\/skyroof.skymarkgroup.com.tr\/wp-content\/uploads\/2022\/09\/WhatsApp-Image-2022-09-23-at-13.42.19.jpeg\"><\/div>\r\n\t\t\t\t\t\t\t\t\t\t\t\t\t\t\t\t\t\t\t\t<div class=\"text-center item bg-img\" data-overlay-dark=\"3\" data-background=\"https:\/\/skyroof.skymarkgroup.com.tr\/wp-content\/uploads\/2022\/09\/WhatsApp-Image-2022-09-23-at-13.42.21-1.jpeg\"><\/div>\r\n\t\t\t\t\t\t\t\t\t\t\t\t\t\t\t\t\t\t\t\t<div class=\"text-center item bg-img\" data-overlay-dark=\"3\" data-background=\"https:\/\/skyroof.skymarkgroup.com.tr\/wp-content\/uploads\/2022\/08\/WhatsApp-Image-2022-08-23-at-13.56.37-1.jpeg\"><\/div>\r\n\t\t\t\t\t\t\t\t\t\t\t\t<\/div>\r\n\t\t\t<!-- arrow down -->\r\n\t\t\t<div class=\"arrow bounce text-center\">\r\n\t\t\t\t<a href=\"#\" data-scroll-nav=\"1\" class=\"\"> <i class=\"ti-arrow-down\"><\/i> <\/a>\r\n\t\t\t<\/div>\r\n\t\t<\/header>\r\n\r\n\t\t\t<\/div>\n\t\t\t\t<\/div>\n\t\t\t\t\t<\/div>\n\t\t<\/div>\n\t\t\t\t\t\t\t<\/div>\n\t\t<\/section>\n\t\t\t\t<section class=\"elementor-section elementor-top-section elementor-element elementor-element-f75261f elementor-section-full_width elementor-section-height-default elementor-section-height-default\" data-id=\"f75261f\" data-element_type=\"section\">\n\t\t\t\t\t\t<div class=\"elementor-container elementor-column-gap-no\">\n\t\t\t\t\t<div class=\"elementor-column elementor-col-100 elementor-top-column elementor-element elementor-element-003bdf4\" data-id=\"003bdf4\" data-element_type=\"column\">\n\t\t\t<div class=\"elementor-widget-wrap elementor-element-populated\">\n\t\t\t\t\t\t\t\t<div class=\"elementor-element elementor-element-b9f6e29 elementor-align-left elementor-widget elementor-widget-pages-restaurant-content\" data-id=\"b9f6e29\" data-element_type=\"widget\" data-widget_type=\"pages-restaurant-content.default\">\n\t\t\t\t<div class=\"elementor-widget-container\">\n\t\t\t\r\n\t\t<section class=\"rooms-page section-padding\" data-scroll-index=\"1\">\r\n\t\t\t<div class=\"container\">\r\n\t\t\t\t<div class=\"row\">\r\n\t\t\t\t\t<div class=\"col-md-12 text-left\"> \r\n\t\t\t\t\t\t<span>\r\n\t\t\t\t\t\t\t\t\t\t\t\t\t\t\t<i class=\"star-rating\"><\/i>\r\n\t\t\t\t\t\t\t\t<i class=\"star-rating\"><\/i>\r\n\t\t\t\t\t\t\t\t<i class=\"star-rating\"><\/i>\r\n\t\t\t\t\t\t\t\t<i class=\"star-rating\"><\/i>\r\n\t\t\t\t\t\t\t\t<i class=\"star-rating\"><\/i>\r\n\t\t\t\t\t\t\t\t\t\t\t\t\t<\/span>\r\n\t\t\t\t\t\t\t\t\t\t\t\t\t<div class=\"section-subtitle\">AN EXPERIENCE FOR THE SENSES<\/div>\r\n\t\t\t\t\t\t\t\t\t\t\t\t\t\t\t\t\t\t\t<div class=\"section-title\">Scala Restaurant\n<\/div>\r\n\t\t\t\t\t\t\t\t\t\t\t<\/div>\r\n\t\t\t\t\t<div class=\"col-md-12\">\r\n\t\t\t\t\t\t\t\t\t\t\t\t<p class=\"mb-30\">A unique and quality place where you can have fun with different activities while tasting different and high quality flavors. Scala Restaurant is a place where you can taste Italian flavors to the fullest and is full of fresh products where you can make gastronomic discoveries.<\/p>\n<h6>Hours<\/h6>\n<ul class=\"list-unstyled page-list mb-30\">\n\t<li>\n\t\t<div class=\"page-list-icon\"> <span class=\"ti-time\"><\/span> <\/div>\n\t\t<div class=\"page-list-text\">\n\t\t\t<p>Kahvalt\u0131: 7.30  \u2013 10:00 <\/p>\n\t\t<\/div>\n\t<\/li>\n\t<li>\n\t\t<div class=\"page-list-icon\"> <span class=\"ti-time\"><\/span> <\/div>\n\t\t<div class=\"page-list-text\">\n\t\t\t<p>Lunch: 12.00 \u2013 14.00 <\/p>\n\t\t<\/div>\n\t<\/li>\n\t<li>\n\t\t<div class=\"page-list-icon\"> <span class=\"ti-time\"><\/span> <\/div>\n\t\t<div class=\"page-list-text\">\n\t\t\t<p>Dinner: Opens at 18.30, last order until 22.00\n\n\n\n\n<\/p>\n\t\t<\/div>\n\t<\/li>\n\n\n<\/ul>\n\n\n\n\t\t\t\t\t\t\t\t\t\t\t\t<ul class=\"list-unstyled page-list mb-30\">\r\n\t\t\t\t\t\t\t\t\t\t\t\t\t\t\t<li>\r\n\t\t\t\t\t\t\t\t\t\t\t\t\t\t\t\t\t\t\t\t\t\t\t\t\t\t<\/li>\r\n\t\t\t\t\t\t\t\t\t\t\t\t\t<\/ul>\r\n\t\t\t\t\t<\/div>\r\n\t\t\t\t<\/div>\r\n\t\t\t<\/div>\r\n\t\t<\/section>\r\n\r\n\t\t\t<\/div>\n\t\t\t\t<\/div>\n\t\t\t\t\t<\/div>\n\t\t<\/div>\n\t\t\t\t\t\t\t<\/div>\n\t\t<\/section>\n\t\t\t\t<section class=\"elementor-section elementor-top-section elementor-element elementor-element-5892ec2 elementor-section-boxed elementor-section-height-default elementor-section-height-default\" data-id=\"5892ec2\" data-element_type=\"section\">\n\t\t\t\t\t\t<div class=\"elementor-container elementor-column-gap-default\">\n\t\t\t\t\t<div class=\"elementor-column elementor-col-100 elementor-top-column elementor-element elementor-element-8e6b249\" data-id=\"8e6b249\" data-element_type=\"column\">\n\t\t\t<div class=\"elementor-widget-wrap elementor-element-populated\">\n\t\t\t\t\t\t\t\t<div class=\"elementor-element elementor-element-bcad951 elementor-align-center elementor-widget elementor-widget-button\" data-id=\"bcad951\" data-element_type=\"widget\" data-widget_type=\"button.default\">\n\t\t\t\t<div class=\"elementor-widget-container\">\n\t\t\t\t\t<div class=\"elementor-button-wrapper\">\n\t\t\t<a href=\"https:\/\/sky-roof-hotel.bisiparis.com\/scala-restorant-and-bar-31823\" class=\"elementor-button-link elementor-button elementor-size-lg\" role=\"button\">\n\t\t\t\t\t\t<span class=\"elementor-button-content-wrapper\">\n\t\t\t\t\t\t<span class=\"elementor-button-text\">Online Menu<\/span>\n\t\t<\/span>\n\t\t\t\t\t<\/a>\n\t\t<\/div>\n\t\t\t\t<\/div>\n\t\t\t\t<\/div>\n\t\t\t\t\t<\/div>\n\t\t<\/div>\n\t\t\t\t\t\t\t<\/div>\n\t\t<\/section>\n\t\t\t\t<section class=\"elementor-section elementor-top-section elementor-element elementor-element-840c13c elementor-section-full_width elementor-section-height-default elementor-section-height-default\" data-id=\"840c13c\" data-element_type=\"section\">\n\t\t\t\t\t\t<div class=\"elementor-container elementor-column-gap-no\">\n\t\t\t\t\t<div class=\"elementor-column elementor-col-100 elementor-top-column elementor-element elementor-element-6aa2b6a\" data-id=\"6aa2b6a\" data-element_type=\"column\">\n\t\t\t<div class=\"elementor-widget-wrap elementor-element-populated\">\n\t\t\t\t\t\t\t\t<div class=\"elementor-element elementor-element-f144e26 elementor-align-left elementor-widget elementor-widget-home-testimonials\" data-id=\"f144e26\" data-element_type=\"widget\" data-widget_type=\"home-testimonials.default\">\n\t\t\t\t<div class=\"elementor-widget-container\">\n\t\t\t\r\n\t\t<section class=\"testimonials\">\r\n\t\t\t\t\t\t<div class=\"background bg-img bg-fixed section-padding pb-0\" data-background=\"https:\/\/skyroof.skymarkgroup.com.tr\/wp-content\/uploads\/2022\/08\/Background.png\" data-overlay-dark=\"3\">\r\n\t\t\t\t\t\t\t<div class=\"container\">\r\n\t\t\t\t\t<div class=\"row\">\r\n\t\t\t\t\t\t<div class=\"col-md-8 offset-md-2\">\r\n\t\t\t\t\t\t\t<div class=\"testimonials-box\">\r\n\t\t\t\t\t\t\t\t<div class=\"head-box\">\r\n\t\t\t\t\t\t\t\t\t\t\t\t\t\t\t\t\t\t<h6>Our references<\/h6>\r\n\t\t\t\t\t\t\t\t\t\t\t\t\t\t\t\t\t\t\t\t\t\t\t\t\t\t\t<h4>Comments From Our Guests<\/h4>\r\n\t\t\t\t\t\t\t\t\t\t\t\t\t\t\t\t\t\t<div class=\"line\"><\/div>\r\n\t\t\t\t\t\t\t\t<\/div>\r\n\t\t\t\t\t\t\t\t<div class=\"owl-carousel owl-theme\">\r\n\t\t\t\t\t\t\t\t\t\t\t\t\t\t\t\t\t\t\t<div class=\"item\">\r\n\t\t\t\t\t\t\t\t\t\t\t\t\t\t\t\t\t\t\t\t\t\t\t<span class=\"quote\"><img decoding=\"async\" src=\"https:\/\/shtheme.com\/demosd\/thecappa\/wp-content\/uploads\/2022\/06\/quot.png\" alt=\"\"><\/span>\r\n\t\t\t\t\t\t\t\t\t\t\t\t\t\t\t\t\t\t\t\t\t\t\t\t\t\t\t\t\t\t\t\t\t\t<p>\"I still cannot forget about my amazing holiday last summer.\"<\/p>\r\n\t\t\t\t\t\t\t\t\t\t\t\t\t\t\t\t\t\t\t\t\t\t<div class=\"info\">\r\n\t\t\t\t\t\t\t\t\t\t\t\t\t\t\t\t\t\t\t\t\t\t\t\t\t<div class=\"author-img\"> <img decoding=\"async\" src=\"https:\/\/shtheme.com\/demosd\/thecappa\/wp-content\/uploads\/2022\/06\/4-1.jpg\" alt=\"\"> <\/div>\r\n\t\t\t\t\t\t\t\t\t\t\t\t\t\t\t\t\t\t\t\t\t\t\t\t<div class=\"cont\"> \r\n\t\t\t\t\t\t\t\t\t\t\t\t\t<span>\r\n\t\t\t\t\t\t\t\t\t\t\t\t\t\t\t\t\t\t\t\t\t\t\t\t\t\t\t\t\t<i class=\"star-rating\"><\/i>\r\n\t\t\t\t\t\t\t\t\t\t\t\t\t\t\t<i class=\"star-rating\"><\/i>\r\n\t\t\t\t\t\t\t\t\t\t\t\t\t\t\t<i class=\"star-rating\"><\/i>\r\n\t\t\t\t\t\t\t\t\t\t\t\t\t\t\t<i class=\"star-rating\"><\/i>\r\n\t\t\t\t\t\t\t\t\t\t\t\t\t\t\t<i class=\"star-rating\"><\/i>\r\n\t\t\t\t\t\t\t\t\t\t\t\t\t\t\t\t\t\t\t\t\t\t\t\t\t\t\t<\/span>\r\n\t\t\t\t\t\t\t\t\t\t\t\t\t\t\t\t\t\t\t\t\t\t\t\t\t\t\t<h6>Emily Brown<\/h6> \r\n\t\t\t\t\t\t\t\t\t\t\t\t\t\t\t\t\t\t\t\t\t\t\t\t\t\t\t\t\t\t\t\t\t\t\t\t\t\t\t\t<span>Guest review<\/span>\r\n\t\t\t\t\t\t\t\t\t\t\t\t\t\t\t\t\t\t\t\t\t\t\t\t\t<\/div>\r\n\t\t\t\t\t\t\t\t\t\t\t<\/div>\r\n\t\t\t\t\t\t\t\t\t\t<\/div>\r\n\t\t\t\t\t\t\t\t\t\t\t\t\t\t\t\t\t\t\t<div class=\"item\">\r\n\t\t\t\t\t\t\t\t\t\t\t\t\t\t\t\t\t\t\t\t\t\t\t<span class=\"quote\"><img decoding=\"async\" src=\"https:\/\/shtheme.com\/demosd\/thecappa\/wp-content\/uploads\/2022\/06\/quot.png\" alt=\"\"><\/span>\r\n\t\t\t\t\t\t\t\t\t\t\t\t\t\t\t\t\t\t\t\t\t\t\t\t\t\t\t\t\t\t\t\t\t\t<p>\"I've visited many hotels in my life, it's hard to top off my expectations, but this one did it.\"<\/p>\r\n\t\t\t\t\t\t\t\t\t\t\t\t\t\t\t\t\t\t\t\t\t\t<div class=\"info\">\r\n\t\t\t\t\t\t\t\t\t\t\t\t\t\t\t\t\t\t\t\t\t\t\t\t\t<div class=\"author-img\"> <img decoding=\"async\" src=\"https:\/\/shtheme.com\/demosd\/thecappa\/wp-content\/uploads\/2022\/06\/1-1.jpg\" alt=\"\"> <\/div>\r\n\t\t\t\t\t\t\t\t\t\t\t\t\t\t\t\t\t\t\t\t\t\t\t\t<div class=\"cont\"> \r\n\t\t\t\t\t\t\t\t\t\t\t\t\t<span>\r\n\t\t\t\t\t\t\t\t\t\t\t\t\t\t\t\t\t\t\t\t\t\t\t\t\t\t\t\t\t<i class=\"star-rating\"><\/i>\r\n\t\t\t\t\t\t\t\t\t\t\t\t\t\t\t<i class=\"star-rating\"><\/i>\r\n\t\t\t\t\t\t\t\t\t\t\t\t\t\t\t<i class=\"star-rating\"><\/i>\r\n\t\t\t\t\t\t\t\t\t\t\t\t\t\t\t<i class=\"star-rating\"><\/i>\r\n\t\t\t\t\t\t\t\t\t\t\t\t\t\t\t<i class=\"star-rating\"><\/i>\r\n\t\t\t\t\t\t\t\t\t\t\t\t\t\t\t\t\t\t\t\t\t\t\t\t\t\t\t<\/span>\r\n\t\t\t\t\t\t\t\t\t\t\t\t\t\t\t\t\t\t\t\t\t\t\t\t\t\t\t<h6>Nolan White<\/h6> \r\n\t\t\t\t\t\t\t\t\t\t\t\t\t\t\t\t\t\t\t\t\t\t\t\t\t\t\t\t\t\t\t\t\t\t\t\t\t\t\t\t<span>Guest review<\/span>\r\n\t\t\t\t\t\t\t\t\t\t\t\t\t\t\t\t\t\t\t\t\t\t\t\t\t<\/div>\r\n\t\t\t\t\t\t\t\t\t\t\t<\/div>\r\n\t\t\t\t\t\t\t\t\t\t<\/div>\r\n\t\t\t\t\t\t\t\t\t\t\t\t\t\t\t\t\t\t\t<div class=\"item\">\r\n\t\t\t\t\t\t\t\t\t\t\t\t\t\t\t\t\t\t\t\t\t\t\t<span class=\"quote\"><img decoding=\"async\" src=\"https:\/\/shtheme.com\/demosd\/thecappa\/wp-content\/uploads\/2022\/06\/quot.png\" alt=\"\"><\/span>\r\n\t\t\t\t\t\t\t\t\t\t\t\t\t\t\t\t\t\t\t\t\t\t\t\t\t\t\t\t\t\t\t\t\t\t<p>\"The most memorable things were the quality of the food, the rooms, and also the time I've had at the pool.\"<\/p>\r\n\t\t\t\t\t\t\t\t\t\t\t\t\t\t\t\t\t\t\t\t\t\t<div class=\"info\">\r\n\t\t\t\t\t\t\t\t\t\t\t\t\t\t\t\t\t\t\t\t\t\t\t\t\t<div class=\"author-img\"> <img decoding=\"async\" src=\"https:\/\/shtheme.com\/demosd\/thecappa\/wp-content\/uploads\/2022\/06\/5.jpg\" alt=\"\"> <\/div>\r\n\t\t\t\t\t\t\t\t\t\t\t\t\t\t\t\t\t\t\t\t\t\t\t\t<div class=\"cont\"> \r\n\t\t\t\t\t\t\t\t\t\t\t\t\t<span>\r\n\t\t\t\t\t\t\t\t\t\t\t\t\t\t\t\t\t\t\t\t\t\t\t\t\t\t\t\t\t<i class=\"star-rating\"><\/i>\r\n\t\t\t\t\t\t\t\t\t\t\t\t\t\t\t<i class=\"star-rating\"><\/i>\r\n\t\t\t\t\t\t\t\t\t\t\t\t\t\t\t<i class=\"star-rating\"><\/i>\r\n\t\t\t\t\t\t\t\t\t\t\t\t\t\t\t<i class=\"star-rating\"><\/i>\r\n\t\t\t\t\t\t\t\t\t\t\t\t\t\t\t<i class=\"star-rating\"><\/i>\r\n\t\t\t\t\t\t\t\t\t\t\t\t\t\t\t\t\t\t\t\t\t\t\t\t\t\t\t<\/span>\r\n\t\t\t\t\t\t\t\t\t\t\t\t\t\t\t\t\t\t\t\t\t\t\t\t\t\t\t<h6>Olivia Martin<\/h6> \r\n\t\t\t\t\t\t\t\t\t\t\t\t\t\t\t\t\t\t\t\t\t\t\t\t\t\t\t\t\t\t\t\t\t\t\t\t\t\t\t\t<span>Guest review<\/span>\r\n\t\t\t\t\t\t\t\t\t\t\t\t\t\t\t\t\t\t\t\t\t\t\t\t\t<\/div>\r\n\t\t\t\t\t\t\t\t\t\t\t<\/div>\r\n\t\t\t\t\t\t\t\t\t\t<\/div>\r\n\t\t\t\t\t\t\t\t\t\t\t\t\t\t\t\t\t<\/div>\r\n\t\t\t\t\t\t\t<\/div>\r\n\t\t\t\t\t\t<\/div>\r\n\t\t\t\t\t<\/div>\r\n\t\t\t\t<\/div>\r\n\t\t\t<\/div>\r\n\t\t<\/section>\r\n\r\n\t\t\t<\/div>\n\t\t\t\t<\/div>\n\t\t\t\t\t<\/div>\n\t\t<\/div>\n\t\t\t\t\t\t\t<\/div>\n\t\t<\/section>\n\t\t\t\t\t\t\t<\/div>","protected":false},"excerpt":{"rendered":"<p>Alg\u0131lar\u0131n\u0131z i\u00e7in bir tecr\u00fcbe Scala Restaurant Farkl\u0131 ve kaliteli lezzetleri tadarken ayn\u0131 zamanda farkl\u0131 aktiviteler ile e\u011flenebilece\u011finiz e\u015fsiz ve kaliteli bir mekan.Scala Restoran \u0130talyan lezzetlerini doya doya tadabilece\u011finiz bir alan olmakla birlikte gastronomik ke\u015fiflerde bulunabilece\u011finiz taze \u00fcr\u00fcnlerle doludur. Saatler Kahvalt\u0131: 7.30 \u2013 10:00 \u00d6\u011fle Yeme\u011fi: 12.00 \u2013 14.00 Ak\u015fam Yeme\u011fi: 18.30&#8217;da a\u00e7\u0131l\u0131r, son sipari\u015f 22.00&#8217;a [&hellip;]<\/p>","protected":false},"author":1,"featured_media":0,"parent":0,"menu_order":0,"comment_status":"closed","ping_status":"closed","template":"page-templates\/home.php","meta":{"om_disable_all_campaigns":false,"_monsterinsights_skip_tracking":false,"_monsterinsights_sitenote_active":false,"_monsterinsights_sitenote_note":"","_monsterinsights_sitenote_category":0,"_joinchat":[],"footnotes":""},"class_list":["post-86","page","type-page","status-publish","hentry"],"aioseo_notices":[],"yoast_head":"<!-- This site is optimized with the Yoast SEO plugin v19.5.1 - https:\/\/yoast.com\/wordpress\/plugins\/seo\/ -->\n<title>Restaurant - Skyroof Hotel<\/title>\n<meta name=\"robots\" content=\"index, follow, max-snippet:-1, max-image-preview:large, max-video-preview:-1\" \/>\n<link rel=\"canonical\" href=\"https:\/\/skyroofhotel.com\/en\/restaurant\/\" \/>\n<meta property=\"og:locale\" content=\"en_GB\" \/>\n<meta property=\"og:type\" content=\"article\" \/>\n<meta property=\"og:title\" content=\"Restaurant - Skyroof Hotel\" \/>\n<meta property=\"og:description\" content=\"Alg\u0131lar\u0131n\u0131z i\u00e7in bir tecr\u00fcbe Scala Restaurant Farkl\u0131 ve kaliteli lezzetleri tadarken ayn\u0131 zamanda farkl\u0131 aktiviteler ile e\u011flenebilece\u011finiz e\u015fsiz ve kaliteli bir mekan.Scala Restoran \u0130talyan lezzetlerini doya doya tadabilece\u011finiz bir alan olmakla birlikte gastronomik ke\u015fiflerde bulunabilece\u011finiz taze \u00fcr\u00fcnlerle doludur. Saatler Kahvalt\u0131: 7.30 \u2013 10:00 \u00d6\u011fle Yeme\u011fi: 12.00 \u2013 14.00 Ak\u015fam Yeme\u011fi: 18.30&#8217;da a\u00e7\u0131l\u0131r, son sipari\u015f 22.00&#8217;a [&hellip;]\" \/>\n<meta property=\"og:url\" content=\"https:\/\/skyroofhotel.com\/en\/restaurant\/\" \/>\n<meta property=\"og:site_name\" content=\"Skyroof Hotel\" \/>\n<meta property=\"article:modified_time\" content=\"2023-04-05T07:01:04+00:00\" \/>\n<meta property=\"og:image\" content=\"https:\/\/shtheme.com\/demosd\/thecappa\/wp-content\/uploads\/2022\/06\/quot.png\" \/>\n<meta name=\"twitter:card\" content=\"summary_large_image\" \/>\n<meta name=\"twitter:label1\" content=\"Estimated reading time\" \/>\n\t<meta name=\"twitter:data1\" content=\"2 minutes\" \/>\n<script type=\"application\/ld+json\" class=\"yoast-schema-graph\">{\"@context\":\"https:\/\/schema.org\",\"@graph\":[{\"@type\":\"WebPage\",\"@id\":\"https:\/\/skyroofhotel.com\/restaurant\/\",\"url\":\"https:\/\/skyroofhotel.com\/restaurant\/\",\"name\":\"Restaurant - Skyroof Hotel\",\"isPartOf\":{\"@id\":\"https:\/\/skyroofhotel.com\/#website\"},\"datePublished\":\"2022-04-29T02:59:04+00:00\",\"dateModified\":\"2023-04-05T07:01:04+00:00\",\"breadcrumb\":{\"@id\":\"https:\/\/skyroofhotel.com\/restaurant\/#breadcrumb\"},\"inLanguage\":\"en-GB\",\"potentialAction\":[{\"@type\":\"ReadAction\",\"target\":[\"https:\/\/skyroofhotel.com\/restaurant\/\"]}]},{\"@type\":\"BreadcrumbList\",\"@id\":\"https:\/\/skyroofhotel.com\/restaurant\/#breadcrumb\",\"itemListElement\":[{\"@type\":\"ListItem\",\"position\":1,\"name\":\"Home\",\"item\":\"https:\/\/skyroofhotel.com\/\"},{\"@type\":\"ListItem\",\"position\":2,\"name\":\"Restaurant\"}]},{\"@type\":\"WebSite\",\"@id\":\"https:\/\/skyroofhotel.com\/#website\",\"url\":\"https:\/\/skyroofhotel.com\/\",\"name\":\"Skyroof Hotel\",\"description\":\"Just another WordPress site\",\"potentialAction\":[{\"@type\":\"SearchAction\",\"target\":{\"@type\":\"EntryPoint\",\"urlTemplate\":\"https:\/\/skyroofhotel.com\/?s={search_term_string}\"},\"query-input\":\"required name=search_term_string\"}],\"inLanguage\":\"en-GB\"}]}<\/script>\n<!-- \/ Yoast SEO plugin. -->","yoast_head_json":{"title":"Restaurant - Skyroof Hotel","robots":{"index":"index","follow":"follow","max-snippet":"max-snippet:-1","max-image-preview":"max-image-preview:large","max-video-preview":"max-video-preview:-1"},"canonical":"https:\/\/skyroofhotel.com\/en\/restaurant\/","og_locale":"en_GB","og_type":"article","og_title":"Restaurant - Skyroof Hotel","og_description":"Alg\u0131lar\u0131n\u0131z i\u00e7in bir tecr\u00fcbe Scala Restaurant Farkl\u0131 ve kaliteli lezzetleri tadarken ayn\u0131 zamanda farkl\u0131 aktiviteler ile e\u011flenebilece\u011finiz e\u015fsiz ve kaliteli bir mekan.Scala Restoran \u0130talyan lezzetlerini doya doya tadabilece\u011finiz bir alan olmakla birlikte gastronomik ke\u015fiflerde bulunabilece\u011finiz taze \u00fcr\u00fcnlerle doludur. Saatler Kahvalt\u0131: 7.30 \u2013 10:00 \u00d6\u011fle Yeme\u011fi: 12.00 \u2013 14.00 Ak\u015fam Yeme\u011fi: 18.30&#8217;da a\u00e7\u0131l\u0131r, son sipari\u015f 22.00&#8217;a [&hellip;]","og_url":"https:\/\/skyroofhotel.com\/en\/restaurant\/","og_site_name":"Skyroof Hotel","article_modified_time":"2023-04-05T07:01:04+00:00","og_image":[{"url":"https:\/\/shtheme.com\/demosd\/thecappa\/wp-content\/uploads\/2022\/06\/quot.png"}],"twitter_card":"summary_large_image","twitter_misc":{"Estimated reading time":"2 minutes"},"schema":{"@context":"https:\/\/schema.org","@graph":[{"@type":"WebPage","@id":"https:\/\/skyroofhotel.com\/restaurant\/","url":"https:\/\/skyroofhotel.com\/restaurant\/","name":"Restaurant - Skyroof Hotel","isPartOf":{"@id":"https:\/\/skyroofhotel.com\/#website"},"datePublished":"2022-04-29T02:59:04+00:00","dateModified":"2023-04-05T07:01:04+00:00","breadcrumb":{"@id":"https:\/\/skyroofhotel.com\/restaurant\/#breadcrumb"},"inLanguage":"en-GB","potentialAction":[{"@type":"ReadAction","target":["https:\/\/skyroofhotel.com\/restaurant\/"]}]},{"@type":"BreadcrumbList","@id":"https:\/\/skyroofhotel.com\/restaurant\/#breadcrumb","itemListElement":[{"@type":"ListItem","position":1,"name":"Home","item":"https:\/\/skyroofhotel.com\/"},{"@type":"ListItem","position":2,"name":"Restaurant"}]},{"@type":"WebSite","@id":"https:\/\/skyroofhotel.com\/#website","url":"https:\/\/skyroofhotel.com\/","name":"Skyroof Hotel","description":"Just another WordPress site","potentialAction":[{"@type":"SearchAction","target":{"@type":"EntryPoint","urlTemplate":"https:\/\/skyroofhotel.com\/?s={search_term_string}"},"query-input":"required name=search_term_string"}],"inLanguage":"en-GB"}]}},"_links":{"self":[{"href":"https:\/\/skyroofhotel.com\/en\/wp-json\/wp\/v2\/pages\/86","targetHints":{"allow":["GET"]}}],"collection":[{"href":"https:\/\/skyroofhotel.com\/en\/wp-json\/wp\/v2\/pages"}],"about":[{"href":"https:\/\/skyroofhotel.com\/en\/wp-json\/wp\/v2\/types\/page"}],"author":[{"embeddable":true,"href":"https:\/\/skyroofhotel.com\/en\/wp-json\/wp\/v2\/users\/1"}],"replies":[{"embeddable":true,"href":"https:\/\/skyroofhotel.com\/en\/wp-json\/wp\/v2\/comments?post=86"}],"version-history":[{"count":239,"href":"https:\/\/skyroofhotel.com\/en\/wp-json\/wp\/v2\/pages\/86\/revisions"}],"predecessor-version":[{"id":2722,"href":"https:\/\/skyroofhotel.com\/en\/wp-json\/wp\/v2\/pages\/86\/revisions\/2722"}],"wp:attachment":[{"href":"https:\/\/skyroofhotel.com\/en\/wp-json\/wp\/v2\/media?parent=86"}],"curies":[{"name":"wp","href":"https:\/\/api.w.org\/{rel}","templated":true}]}}